{"id":219,"date":"2015-04-21T11:39:58","date_gmt":"2015-04-21T11:39:58","guid":{"rendered":"http:\/\/www.zunakratky.at\/v3\/?page_id=219"},"modified":"2015-04-21T12:03:32","modified_gmt":"2015-04-21T12:03:32","slug":"about","status":"publish","type":"page","link":"http:\/\/www.zunakratky.at\/v3\/?page_id=219","title":{"rendered":"About"},"content":{"rendered":"<p><a href=\"http:\/\/www.zunakratky.at\/v3\/wp-content\/uploads\/2015\/03\/IMG_3329.jpg\"><img loading=\"lazy\" class=\"alignnone size-full wp-image-113\" src=\"http:\/\/www.zunakratky.at\/v3\/wp-content\/uploads\/2015\/03\/IMG_3329.jpg\" alt=\"IMG_3329\" width=\"600\" height=\"600\" \/><\/a><\/p>\n<p>Barbara Zuna-Kratky<\/p>\n<p>geboren 1971 in Johannesburg\/S\u00fcdafrika<br \/>\nWerdegang Modeschule mit Abschluss 1988, danach Lehre zur Gold- u. Silberschmiedin.<br \/>\n1993 Preistr\u00e4gerin bei der Goldschmiede-Olympiade des Meistervereins f\u00fcr Gold- und Silberschmiede<br \/>\n1997 Meisterpr\u00fcfung<br \/>\nNach der Unternehmerpr\u00fcfung war sie f\u00fcr mehrere Firmen gestalterisch t\u00e4tig und hat eine eigene Kollektion entworfen. Seit 2002 Jahren ist sie selbstst\u00e4ndig und hat ihre Leidenschaft zum Beruf gemacht. Ihre Schmuckst\u00fccke bestechen durch klassische Linienf\u00fchrung mit interessanten Details. Jedes St\u00fcck ist von Hand gefertigt, dadurch ist es auch m\u00f6glich auf individuelle W\u00fcnsche einzugehen.<\/p>\n<p>&nbsp;<\/p>\n","protected":false},"excerpt":{"rendered":"<p>Barbara Zuna-Kratky geboren 1971 in Johannesburg\/S\u00fcdafrika Werdegang Modeschule mit Abschluss 1988, danach Lehre zur Gold- u. Silberschmiedin. 1993 Preistr\u00e4gerin bei der Goldschmiede-Olympiade des Meistervereins f\u00fcr Gold- und Silberschmiede 1997 Meisterpr\u00fcfung Nach der Unternehmerpr\u00fcfung war sie f\u00fcr mehrere Firmen gestalterisch t\u00e4tig und hat eine eigene Kollektion entworfen. Seit 2002 Jahren ist sie selbstst\u00e4ndig und hat ihre [&hellip;]<\/p>\n","protected":false},"author":3,"featured_media":0,"parent":0,"menu_order":0,"comment_status":"closed","ping_status":"closed","template":"","meta":[],"_links":{"self":[{"href":"http:\/\/www.zunakratky.at\/v3\/index.php?rest_route=\/wp\/v2\/pages\/219"}],"collection":[{"href":"http:\/\/www.zunakratky.at\/v3\/index.php?rest_route=\/wp\/v2\/pages"}],"about":[{"href":"http:\/\/www.zunakratky.at\/v3\/index.php?rest_route=\/wp\/v2\/types\/page"}],"author":[{"embeddable":true,"href":"http:\/\/www.zunakratky.at\/v3\/index.php?rest_route=\/wp\/v2\/users\/3"}],"replies":[{"embeddable":true,"href":"http:\/\/www.zunakratky.at\/v3\/index.php?rest_route=%2Fwp%2Fv2%2Fcomments&post=219"}],"version-history":[{"count":3,"href":"http:\/\/www.zunakratky.at\/v3\/index.php?rest_route=\/wp\/v2\/pages\/219\/revisions"}],"predecessor-version":[{"id":229,"href":"http:\/\/www.zunakratky.at\/v3\/index.php?rest_route=\/wp\/v2\/pages\/219\/revisions\/229"}],"wp:attachment":[{"href":"http:\/\/www.zunakratky.at\/v3\/index.php?rest_route=%2Fwp%2Fv2%2Fmedia&parent=219"}],"curies":[{"name":"wp","href":"https:\/\/api.w.org\/{rel}","templated":true}]}}